{"id":2630,"date":"2024-12-02T09:49:23","date_gmt":"2024-12-02T09:49:23","guid":{"rendered":"https:\/\/www.autokupowanie.pl\/?page_id=2630"},"modified":"2024-12-02T10:20:12","modified_gmt":"2024-12-02T10:20:12","slug":"polityka-prywatnosci","status":"publish","type":"page","link":"https:\/\/www.autokupowanie.pl\/index.php\/skup-aut-warszawa\/polityka-prywatnosci\/","title":{"rendered":"polityka prywatno\u015bci"},"content":{"rendered":"\t\t<div data-elementor-type=\"wp-page\" data-elementor-id=\"2630\" class=\"elementor elementor-2630\">\n\t\t\t\t\t\t\t\t\t<section class=\"elementor-section elementor-top-section elementor-element elementor-element-12b8244 elementor-section-boxed elementor-section-height-default elementor-section-height-default\" data-id=\"12b8244\" data-element_type=\"section\">\n\t\t\t\t\t\t<div class=\"elementor-container elementor-column-gap-default\">\n\t\t\t\t\t<div class=\"elementor-column elementor-col-100 elementor-top-column elementor-element elementor-element-445a5e8\" data-id=\"445a5e8\" data-element_type=\"column\">\n\t\t\t<div class=\"elementor-widget-wrap elementor-element-populated\">\n\t\t\t\t\t\t\t\t<div class=\"elementor-element elementor-element-10bdff0 elementor-widget elementor-widget-heading\" data-id=\"10bdff0\" data-element_type=\"widget\" data-widget_type=\"heading.default\">\n\t\t\t\t<div class=\"elementor-widget-container\">\n\t\t\t<style>\/*! elementor - v3.17.0 - 08-11-2023 *\/\n.elementor-heading-title{padding:0;margin:0;line-height:1}.elementor-widget-heading .elementor-heading-title[class*=elementor-size-]>a{color:inherit;font-size:inherit;line-height:inherit}.elementor-widget-heading .elementor-heading-title.elementor-size-small{font-size:15px}.elementor-widget-heading .elementor-heading-title.elementor-size-medium{font-size:19px}.elementor-widget-heading .elementor-heading-title.elementor-size-large{font-size:29px}.elementor-widget-heading .elementor-heading-title.elementor-size-xl{font-size:39px}.elementor-widget-heading .elementor-heading-title.elementor-size-xxl{font-size:59px}<\/style><h1 class=\"elementor-heading-title elementor-size-default\">Polityka prywatno\u015bci<\/h1>\t\t<\/div>\n\t\t\t\t<\/div>\n\t\t\t\t\t<\/div>\n\t\t<\/div>\n\t\t\t\t\t\t\t<\/div>\n\t\t<\/section>\n\t\t\t\t<section class=\"elementor-section elementor-top-section elementor-element elementor-element-93390cc elementor-section-boxed elementor-section-height-default elementor-section-height-default\" data-id=\"93390cc\" data-element_type=\"section\">\n\t\t\t\t\t\t<div class=\"elementor-container elementor-column-gap-default\">\n\t\t\t\t\t<div class=\"elementor-column elementor-col-100 elementor-top-column elementor-element elementor-element-8e958fc\" data-id=\"8e958fc\" data-element_type=\"column\">\n\t\t\t<div class=\"elementor-widget-wrap elementor-element-populated\">\n\t\t\t\t\t\t\t\t<div class=\"elementor-element elementor-element-10972bf elementor-widget__width-initial elementor-widget elementor-widget-text-editor\" data-id=\"10972bf\" data-element_type=\"widget\" data-widget_type=\"text-editor.default\">\n\t\t\t\t<div class=\"elementor-widget-container\">\n\t\t\t<style>\/*! elementor - v3.17.0 - 08-11-2023 *\/\n.elementor-widget-text-editor.elementor-drop-cap-view-stacked .elementor-drop-cap{background-color:#69727d;color:#fff}.elementor-widget-text-editor.elementor-drop-cap-view-framed .elementor-drop-cap{color:#69727d;border:3px solid;background-color:transparent}.elementor-widget-text-editor:not(.elementor-drop-cap-view-default) .elementor-drop-cap{margin-top:8px}.elementor-widget-text-editor:not(.elementor-drop-cap-view-default) .elementor-drop-cap-letter{width:1em;height:1em}.elementor-widget-text-editor .elementor-drop-cap{float:left;text-align:center;line-height:1;font-size:50px}.elementor-widget-text-editor .elementor-drop-cap-letter{display:inline-block}<\/style>\t\t\t\t<p>Administratorem Pa\u0144stwa danych osobowych jest firma KUPI\u0118 AUTO SP\u00d3\u0141KA Z OGRANICZON\u0104 ODPOWIEDZIALNO\u015aCI\u0104 z siedzib\u0105 w Nowych Grocholicach 05-090 przy ul. Miko\u0142aja Kopernika 14 . Pa\u0144stwa dane b\u0119d\u0105 przetwarzane jedynie w celu obs\u0142ugi zapytania i tak d\u0142ugo, jak to konieczne do jego obs\u0142ugi. Maj\u0105 Pa\u0144stwo prawo do dost\u0119pu do swoich danych, ich sprostowania, usuni\u0119cia, ograniczenia przetwarzania, wniesienia sprzeciwu wobec przetwarzania oraz przeniesienia danych. Podanie danych jest dobrowolne, ale niezb\u0119dne do obs\u0142ugi zapytania. Podstawa prawna: przetwarzanie jest niezb\u0119dne do podj\u0119cia dzia\u0142a\u0144 na \u017c\u0105danie osoby, kt\u00f3rej dane dotycz\u0105, przed zawarciem umowy. W razie pyta\u0144 prosimy o kontakt na: kontakt@autokupowanie.pl<\/p><p>Serwis nie zbiera w spos\u00f3b automatyczny \u017cadnych informacji, z wyj\u0105tkiem informacji zawartych w plikach cookies.\u00a0 Pliki cookies (tzw. &#8222;ciasteczka&#8221;) stanowi\u0105 dane informatyczne, w szczeg\u00f3lno\u015bci pliki tekstowe, kt\u00f3re przechowywane s\u0105 w urz\u0105dzeniu ko\u0144cowym U\u017cytkownika Serwisu i przeznaczone s\u0105 do korzystania ze stron internetowych Serwisu. Cookies zazwyczaj zawieraj\u0105 nazw\u0119 strony<br \/>internetowej, z kt\u00f3rej pochodz\u0105, czas przechowywania ich na urz\u0105dzeniu ko\u0144cowym oraz unikalny numer.\u00a0 Podmiotem zamieszczaj\u0105cym na urz\u0105dzeniu ko\u0144cowym U\u017cytkownika Serwisu pliki cookies oraz uzyskuj\u0105cym do nich dost\u0119p jest Skup Aut<\/p><p>Pliki cookies wykorzystywane s\u0105 w celu tworzenia statystyk, kt\u00f3re pomagaj\u0105 zrozumie\u0107, w jaki spos\u00f3b U\u017cytkownicy Serwisu korzystaj\u0105 ze stron internetowych, co umo\u017cliwia ulepszanie ich struktury i zawarto\u015bci.<br \/>W ramach Serwisu stosowane s\u0105 dwa zasadnicze rodzaje plik\u00f3w cookies: &#8222;sesyjne&#8221; (session cookies) oraz &#8222;sta\u0142e&#8221; (persistent cookies). Cookies<br \/>&#8222;sesyjne&#8221; s\u0105 plikami tymczasowymi, kt\u00f3re przechowywane s\u0105 w urz\u0105dzeniu ko\u0144cowym U\u017cytkownika do czasu wylogowania, opuszczenia strony<br \/>internetowej lub wy\u0142\u0105czenia oprogramowania (przegl\u0105darki internetowej). &#8222;Sta\u0142e&#8221; pliki cookies przechowywane s\u0105 w urz\u0105dzeniu ko\u0144cowym U\u017cytkownika przez czas okre\u015blony w parametrach plik\u00f3w cookies lub do czasu ich usuni\u0119cia przez U\u017cytkownika. <br \/>W ramach Serwisu stosowane s\u0105 nast\u0119puj\u0105ce rodzaje plik\u00f3w cookies: <\/p><p>a) &#8222;niezb\u0119dne&#8221; pliki cookies, umo\u017cliwiaj\u0105ce korzystanie z us\u0142ug dost\u0119pnych w ramach Serwisu, np. uwierzytelniaj\u0105ce pliki cookies wykorzystywane do us\u0142ug wymagaj\u0105cych uwierzytelniania w ramach Serwisu;<\/p><p>b) pliki cookies s\u0142u\u017c\u0105ce do zapewnienia bezpiecze\u0144stwa, np. wykorzystywane do wykrywania nadu\u017cy\u0107 w zakresie uwierzytelniania w ramach Serwisu; <br \/>c) &#8222;analityczne&#8221; pliki Cookies (niezale\u017cnej firmy Google Inc.) &#8211; usuni\u0119cie tych plik\u00f3w nie uniemo\u017cliwia korzystanie z Serwisu.\u00a0 Analityczne pliki Cookies gromadz\u0105 informacje o sposobie korzystania z Serwisu przez odwiedzaj\u0105cych, typie strony, z jakiej U\u017cytkownicy zostali przekierowani, oraz liczbie odwiedzin U\u017cytkownik\u00f3w i czasie wizyty na tej stronie. Pliki te nie rejestruj\u0105 konkretnych danych osobowych U\u017cytkownika, lecz s\u0142u\u017c\u0105 do opracowania statystyk korzystania z Serwisu.<\/p><p>W wielu przypadkach oprogramowanie s\u0142u\u017c\u0105ce do przegl\u0105dania stron internetowych (przegl\u0105darka internetowa) domy\u015blnie dopuszcza przechowywanie plik\u00f3w cookies w urz\u0105dzeniu ko\u0144cowym U\u017cytkownika. U\u017cytkownicy Serwisu mog\u0105 dokona\u0107 w ka\u017cdym czasie zmiany ustawie\u0144 dotycz\u0105cych plik\u00f3w cookies. Ustawienia te mog\u0105 zosta\u0107 zmienione w szczeg\u00f3lno\u015bci w taki spos\u00f3b, aby blokowa\u0107 automatyczn\u0105 obs\u0142ug\u0119 plik\u00f3w cookies w ustawieniach przegl\u0105darki internetowej b\u0105d\u017a informowa\u0107 o ich ka\u017cdorazowym zamieszczeniu w urz\u0105dzeniu U\u017cytkownika Serwisu. Szczeg\u00f3\u0142owe informacje o mo\u017cliwo\u015bci i sposobach obs\u0142ugi plik\u00f3w cookies dost\u0119pne s\u0105 w ustawieniach oprogramowania (przegl\u0105darki internetowej).\u00a0 Operator Serwisu informuje, \u017ce ograniczenia stosowania plik\u00f3w cookies mog\u0105 wp\u0142yn\u0105\u0107 na niekt\u00f3re funkcjonalno\u015bci dost\u0119pne na stronach internetowych Serwisu.\u00a0 Pliki cookies zamieszczane w urz\u0105dzeniu ko\u0144cowym U\u017cytkownika Serwisu i wykorzystywane mog\u0105 by\u0107 r\u00f3wnie\u017c przez wsp\u00f3\u0142pracuj\u0105cych z operatorem Serwisu partner\u00f3w. <\/p><p>Wi\u0119cej informacji na temat plik\u00f3w cookies dost\u0119pnych jest pod adresem w sekcji &#8222;Pomoc&#8221; w menu przegl\u0105darki internetowej.<\/p>\t\t\t\t\t\t<\/div>\n\t\t\t\t<\/div>\n\t\t\t\t\t<\/div>\n\t\t<\/div>\n\t\t\t\t\t\t\t<\/div>\n\t\t<\/section>\n\t\t\t\t\t\t\t<\/div>\n\t\t","protected":false},"excerpt":{"rendered":"<p>Polityka prywatno\u015bci Administratorem Pa\u0144stwa danych osobowych jest firma KUPI\u0118 AUTO SP\u00d3\u0141KA Z OGRANICZON\u0104 ODPOWIEDZIALNO\u015aCI\u0104 z siedzib\u0105 w Nowych Grocholicach 05-090 przy ul. Miko\u0142aja Kopernika 14 . Pa\u0144stwa dane b\u0119d\u0105 przetwarzane jedynie w celu obs\u0142ugi zapytania i tak d\u0142ugo, jak to konieczne do jego obs\u0142ugi. Maj\u0105 Pa\u0144stwo prawo do dost\u0119pu do swoich danych, ich sprostowania, usuni\u0119cia, &hellip;<\/p>\n<p class=\"read-more\"> <a class=\"\" href=\"https:\/\/www.autokupowanie.pl\/index.php\/skup-aut-warszawa\/polityka-prywatnosci\/\"> <span class=\"screen-reader-text\">polityka prywatno\u015bci<\/span> Read More &raquo;<\/a><\/p>\n","protected":false},"author":1,"featured_media":0,"parent":355,"menu_order":4,"comment_status":"closed","ping_status":"closed","template":"","meta":{"ub_ctt_via":"","site-sidebar-layout":"no-sidebar","site-content-layout":"page-builder","ast-site-content-layout":"","site-content-style":"default","site-sidebar-style":"default","ast-global-header-display":"","ast-banner-title-visibility":"","ast-main-header-display":"","ast-hfb-above-header-display":"","ast-hfb-below-header-display":"","ast-hfb-mobile-header-display":"","site-post-title":"disabled","ast-breadcrumbs-content":"","ast-featured-img":"disabled","footer-sml-layout":"","theme-transparent-header-meta":"","adv-header-id-meta":"","stick-header-meta":"","header-above-stick-meta":"","header-main-stick-meta":"","header-below-stick-meta":"","astra-migrate-meta-layouts":"","ast-page-background-enabled":"default","ast-page-background-meta":{"desktop":{"background-color":"","background-image":"","background-repeat":"repeat","background-position":"center center","background-size":"auto","background-attachment":"scroll","background-type":"","background-media":"","overlay-type":"","overlay-color":"","overlay-gradient":""},"tablet":{"background-color":"","background-image":"","background-repeat":"repeat","background-position":"center center","background-size":"auto","background-attachment":"scroll","background-type":"","background-media":"","overlay-type":"","overlay-color":"","overlay-gradient":""},"mobile":{"background-color":"","background-image":"","background-repeat":"repeat","background-position":"center center","background-size":"auto","background-attachment":"scroll","background-type":"","background-media":"","overlay-type":"","overlay-color":"","overlay-gradient":""}},"ast-content-background-meta":{"desktop":{"background-color":"var(--ast-global-color-5)","background-image":"","background-repeat":"repeat","background-position":"center center","background-size":"auto","background-attachment":"scroll","background-type":"","background-media":"","overlay-type":"","overlay-color":"","overlay-gradient":""},"tablet":{"background-color":"var(--ast-global-color-5)","background-image":"","background-repeat":"repeat","background-position":"center center","background-size":"auto","background-attachment":"scroll","background-type":"","background-media":"","overlay-type":"","overlay-color":"","overlay-gradient":""},"mobile":{"background-color":"var(--ast-global-color-5)","background-image":"","background-repeat":"repeat","background-position":"center center","background-size":"auto","background-attachment":"scroll","background-type":"","background-media":"","overlay-type":"","overlay-color":"","overlay-gradient":""}}},"featured_image_src":null,"yoast_head":"<!-- This site is optimized with the Yoast SEO plugin v19.7.1 - https:\/\/yoast.com\/wordpress\/plugins\/seo\/ -->\n<title>polityka prywatno\u015bci - autokupowanie.pl<\/title>\n<meta name=\"robots\" content=\"index, follow, max-snippet:-1, max-image-preview:large, max-video-preview:-1\" \/>\n<link rel=\"canonical\" href=\"https:\/\/www.autokupowanie.pl\/index.php\/skup-aut-warszawa\/polityka-prywatnosci\/\" \/>\n<meta property=\"og:locale\" content=\"pl_PL\" \/>\n<meta property=\"og:type\" content=\"article\" \/>\n<meta property=\"og:title\" content=\"polityka prywatno\u015bci - autokupowanie.pl\" \/>\n<meta property=\"og:description\" content=\"Polityka prywatno\u015bci Administratorem Pa\u0144stwa danych osobowych jest firma KUPI\u0118 AUTO SP\u00d3\u0141KA Z OGRANICZON\u0104 ODPOWIEDZIALNO\u015aCI\u0104 z siedzib\u0105 w Nowych Grocholicach 05-090 przy ul. Miko\u0142aja Kopernika 14 . Pa\u0144stwa dane b\u0119d\u0105 przetwarzane jedynie w celu obs\u0142ugi zapytania i tak d\u0142ugo, jak to konieczne do jego obs\u0142ugi. Maj\u0105 Pa\u0144stwo prawo do dost\u0119pu do swoich danych, ich sprostowania, usuni\u0119cia, &hellip; polityka prywatno\u015bci Read More &raquo;\" \/>\n<meta property=\"og:url\" content=\"https:\/\/www.autokupowanie.pl\/index.php\/skup-aut-warszawa\/polityka-prywatnosci\/\" \/>\n<meta property=\"og:site_name\" content=\"autokupowanie.pl\" \/>\n<meta property=\"article:publisher\" content=\"https:\/\/www.facebook.com\/profile.php?id=100075756765137\" \/>\n<meta property=\"article:modified_time\" content=\"2024-12-02T10:20:12+00:00\" \/>\n<meta name=\"twitter:card\" content=\"summary_large_image\" \/>\n<meta name=\"twitter:label1\" content=\"Szacowany czas czytania\" \/>\n\t<meta name=\"twitter:data1\" content=\"4 minuty\" \/>\n<script type=\"application\/ld+json\" class=\"yoast-schema-graph\">{\"@context\":\"https:\/\/schema.org\",\"@graph\":[{\"@type\":\"WebPage\",\"@id\":\"https:\/\/www.autokupowanie.pl\/index.php\/skup-aut-warszawa\/polityka-prywatnosci\/\",\"url\":\"https:\/\/www.autokupowanie.pl\/index.php\/skup-aut-warszawa\/polityka-prywatnosci\/\",\"name\":\"polityka prywatno\u015bci - autokupowanie.pl\",\"isPartOf\":{\"@id\":\"https:\/\/www.autokupowanie.pl\/#website\"},\"datePublished\":\"2024-12-02T09:49:23+00:00\",\"dateModified\":\"2024-12-02T10:20:12+00:00\",\"breadcrumb\":{\"@id\":\"https:\/\/www.autokupowanie.pl\/index.php\/skup-aut-warszawa\/polityka-prywatnosci\/#breadcrumb\"},\"inLanguage\":\"pl-PL\",\"potentialAction\":[{\"@type\":\"ReadAction\",\"target\":[\"https:\/\/www.autokupowanie.pl\/index.php\/skup-aut-warszawa\/polityka-prywatnosci\/\"]}]},{\"@type\":\"BreadcrumbList\",\"@id\":\"https:\/\/www.autokupowanie.pl\/index.php\/skup-aut-warszawa\/polityka-prywatnosci\/#breadcrumb\",\"itemListElement\":[{\"@type\":\"ListItem\",\"position\":1,\"name\":\"Strona g\u0142\u00f3wna\",\"item\":\"https:\/\/www.autokupowanie.pl\/\"},{\"@type\":\"ListItem\",\"position\":2,\"name\":\"Home\",\"item\":\"https:\/\/www.autokupowanie.pl\/\"},{\"@type\":\"ListItem\",\"position\":3,\"name\":\"polityka prywatno\u015bci\"}]},{\"@type\":\"WebSite\",\"@id\":\"https:\/\/www.autokupowanie.pl\/#website\",\"url\":\"https:\/\/www.autokupowanie.pl\/\",\"name\":\"autokupowanie.pl\",\"description\":\"Skup Aut\",\"publisher\":{\"@id\":\"https:\/\/www.autokupowanie.pl\/#organization\"},\"potentialAction\":[{\"@type\":\"SearchAction\",\"target\":{\"@type\":\"EntryPoint\",\"urlTemplate\":\"https:\/\/www.autokupowanie.pl\/?s={search_term_string}\"},\"query-input\":\"required name=search_term_string\"}],\"inLanguage\":\"pl-PL\"},{\"@type\":\"Organization\",\"@id\":\"https:\/\/www.autokupowanie.pl\/#organization\",\"name\":\"autokupowanie.pl\",\"url\":\"https:\/\/www.autokupowanie.pl\/\",\"sameAs\":[\"https:\/\/www.facebook.com\/profile.php?id=100075756765137\"],\"logo\":{\"@type\":\"ImageObject\",\"inLanguage\":\"pl-PL\",\"@id\":\"https:\/\/www.autokupowanie.pl\/#\/schema\/logo\/image\/\",\"url\":\"https:\/\/www.autokupowanie.pl\/wp-content\/uploads\/2022\/02\/cropped-autokupowanie.pl-3-1-1.png\",\"contentUrl\":\"https:\/\/www.autokupowanie.pl\/wp-content\/uploads\/2022\/02\/cropped-autokupowanie.pl-3-1-1.png\",\"width\":384,\"height\":128,\"caption\":\"autokupowanie.pl\"},\"image\":{\"@id\":\"https:\/\/www.autokupowanie.pl\/#\/schema\/logo\/image\/\"}}]}<\/script>\n<!-- \/ Yoast SEO plugin. -->","yoast_head_json":{"title":"polityka prywatno\u015bci - autokupowanie.pl","robots":{"index":"index","follow":"follow","max-snippet":"max-snippet:-1","max-image-preview":"max-image-preview:large","max-video-preview":"max-video-preview:-1"},"canonical":"https:\/\/www.autokupowanie.pl\/index.php\/skup-aut-warszawa\/polityka-prywatnosci\/","og_locale":"pl_PL","og_type":"article","og_title":"polityka prywatno\u015bci - autokupowanie.pl","og_description":"Polityka prywatno\u015bci Administratorem Pa\u0144stwa danych osobowych jest firma KUPI\u0118 AUTO SP\u00d3\u0141KA Z OGRANICZON\u0104 ODPOWIEDZIALNO\u015aCI\u0104 z siedzib\u0105 w Nowych Grocholicach 05-090 przy ul. Miko\u0142aja Kopernika 14 . Pa\u0144stwa dane b\u0119d\u0105 przetwarzane jedynie w celu obs\u0142ugi zapytania i tak d\u0142ugo, jak to konieczne do jego obs\u0142ugi. Maj\u0105 Pa\u0144stwo prawo do dost\u0119pu do swoich danych, ich sprostowania, usuni\u0119cia, &hellip; polityka prywatno\u015bci Read More &raquo;","og_url":"https:\/\/www.autokupowanie.pl\/index.php\/skup-aut-warszawa\/polityka-prywatnosci\/","og_site_name":"autokupowanie.pl","article_publisher":"https:\/\/www.facebook.com\/profile.php?id=100075756765137","article_modified_time":"2024-12-02T10:20:12+00:00","twitter_card":"summary_large_image","twitter_misc":{"Szacowany czas czytania":"4 minuty"},"schema":{"@context":"https:\/\/schema.org","@graph":[{"@type":"WebPage","@id":"https:\/\/www.autokupowanie.pl\/index.php\/skup-aut-warszawa\/polityka-prywatnosci\/","url":"https:\/\/www.autokupowanie.pl\/index.php\/skup-aut-warszawa\/polityka-prywatnosci\/","name":"polityka prywatno\u015bci - autokupowanie.pl","isPartOf":{"@id":"https:\/\/www.autokupowanie.pl\/#website"},"datePublished":"2024-12-02T09:49:23+00:00","dateModified":"2024-12-02T10:20:12+00:00","breadcrumb":{"@id":"https:\/\/www.autokupowanie.pl\/index.php\/skup-aut-warszawa\/polityka-prywatnosci\/#breadcrumb"},"inLanguage":"pl-PL","potentialAction":[{"@type":"ReadAction","target":["https:\/\/www.autokupowanie.pl\/index.php\/skup-aut-warszawa\/polityka-prywatnosci\/"]}]},{"@type":"BreadcrumbList","@id":"https:\/\/www.autokupowanie.pl\/index.php\/skup-aut-warszawa\/polityka-prywatnosci\/#breadcrumb","itemListElement":[{"@type":"ListItem","position":1,"name":"Strona g\u0142\u00f3wna","item":"https:\/\/www.autokupowanie.pl\/"},{"@type":"ListItem","position":2,"name":"Home","item":"https:\/\/www.autokupowanie.pl\/"},{"@type":"ListItem","position":3,"name":"polityka prywatno\u015bci"}]},{"@type":"WebSite","@id":"https:\/\/www.autokupowanie.pl\/#website","url":"https:\/\/www.autokupowanie.pl\/","name":"autokupowanie.pl","description":"Skup Aut","publisher":{"@id":"https:\/\/www.autokupowanie.pl\/#organization"},"potentialAction":[{"@type":"SearchAction","target":{"@type":"EntryPoint","urlTemplate":"https:\/\/www.autokupowanie.pl\/?s={search_term_string}"},"query-input":"required name=search_term_string"}],"inLanguage":"pl-PL"},{"@type":"Organization","@id":"https:\/\/www.autokupowanie.pl\/#organization","name":"autokupowanie.pl","url":"https:\/\/www.autokupowanie.pl\/","sameAs":["https:\/\/www.facebook.com\/profile.php?id=100075756765137"],"logo":{"@type":"ImageObject","inLanguage":"pl-PL","@id":"https:\/\/www.autokupowanie.pl\/#\/schema\/logo\/image\/","url":"https:\/\/www.autokupowanie.pl\/wp-content\/uploads\/2022\/02\/cropped-autokupowanie.pl-3-1-1.png","contentUrl":"https:\/\/www.autokupowanie.pl\/wp-content\/uploads\/2022\/02\/cropped-autokupowanie.pl-3-1-1.png","width":384,"height":128,"caption":"autokupowanie.pl"},"image":{"@id":"https:\/\/www.autokupowanie.pl\/#\/schema\/logo\/image\/"}}]}},"_links":{"self":[{"href":"https:\/\/www.autokupowanie.pl\/index.php\/wp-json\/wp\/v2\/pages\/2630"}],"collection":[{"href":"https:\/\/www.autokupowanie.pl\/index.php\/wp-json\/wp\/v2\/pages"}],"about":[{"href":"https:\/\/www.autokupowanie.pl\/index.php\/wp-json\/wp\/v2\/types\/page"}],"author":[{"embeddable":true,"href":"https:\/\/www.autokupowanie.pl\/index.php\/wp-json\/wp\/v2\/users\/1"}],"replies":[{"embeddable":true,"href":"https:\/\/www.autokupowanie.pl\/index.php\/wp-json\/wp\/v2\/comments?post=2630"}],"version-history":[{"count":6,"href":"https:\/\/www.autokupowanie.pl\/index.php\/wp-json\/wp\/v2\/pages\/2630\/revisions"}],"predecessor-version":[{"id":2636,"href":"https:\/\/www.autokupowanie.pl\/index.php\/wp-json\/wp\/v2\/pages\/2630\/revisions\/2636"}],"up":[{"embeddable":true,"href":"https:\/\/www.autokupowanie.pl\/index.php\/wp-json\/wp\/v2\/pages\/355"}],"wp:attachment":[{"href":"https:\/\/www.autokupowanie.pl\/index.php\/wp-json\/wp\/v2\/media?parent=2630"}],"curies":[{"name":"wp","href":"https:\/\/api.w.org\/{rel}","templated":true}]}}